{"id":13494,"date":"2021-08-05T20:01:30","date_gmt":"2021-08-05T18:01:30","guid":{"rendered":"https:\/\/aziendaagricolamafrica.it\/allgemeine-verkaufsbedingungen\/"},"modified":"2025-10-15T12:08:42","modified_gmt":"2025-10-15T10:08:42","slug":"allgemeine-verkaufsbedingungen","status":"publish","type":"page","link":"https:\/\/aziendaagricolamafrica.it\/de\/allgemeine-verkaufsbedingungen\/","title":{"rendered":"ALLGEMEINE VERKAUFSBEDINGUNGEN"},"content":{"rendered":"\t\t<div data-elementor-type=\"wp-page\" data-elementor-id=\"13494\" class=\"elementor elementor-13494 elementor-13447\">\n\t\t\t\t\t\t\t\t\t<section class=\"elementor-section elementor-top-section elementor-element elementor-element-b4cff9e elementor-section-full_width elementor-section-height-default elementor-section-height-default wd-section-disabled\" data-id=\"b4cff9e\" data-element_type=\"section\">\n\t\t\t\t\t\t<div class=\"elementor-container elementor-column-gap-default\">\n\t\t\t\t\t<div class=\"elementor-column elementor-col-100 elementor-top-column elementor-element elementor-element-123cd3f9\" data-id=\"123cd3f9\" data-element_type=\"column\">\n\t\t\t<div class=\"elementor-widget-wrap elementor-element-populated\">\n\t\t\t\t\t\t\t\t<div class=\"elementor-element elementor-element-b910a42 elementor-widget elementor-widget-wd_title\" data-id=\"b910a42\" data-element_type=\"widget\" data-widget_type=\"wd_title.default\">\n\t\t\t\t<div class=\"elementor-widget-container\">\n\t\t\t\t\t<div class=\"title-wrapper set-mb-s reset-last-child wd-title-color-default wd-title-style-default wd-title-size-default text-left\">\n\n\t\t\t\t\t\t\t<div class=\"title-subtitle subtitle-color-default subtitle-style-default wd-fontsize-xs\">\n\t\t\t\t\tALLGEMEINE VERKAUFSBEDINGUNGEN\t\t\t\t<\/div>\n\t\t\t\n\t\t\t<div class=\"liner-continer\">\n\t\t\t\t<h4 class=\"woodmart-title-container title wd-fontsize-l\">Diese Verkaufsbedingungen gelten f\u00fcr alle auf der Website aziendaagricolamafrica.it  get\u00e4tigten Eink\u00e4ufe.<\/h4> \n\t\t\t\t\t\t\t<\/div>\n\n\t\t\t\t\t<\/div>\n\t\t\t\t<\/div>\n\t\t\t\t<\/div>\n\t\t\t\t<div class=\"elementor-element elementor-element-dad6610 color-scheme-inherit text-left elementor-widget elementor-widget-text-editor\" data-id=\"dad6610\" data-element_type=\"widget\" data-widget_type=\"text-editor.default\">\n\t\t\t\t<div class=\"elementor-widget-container\">\n\t\t\t<style>\/*! elementor - v3.8.0 - 30-10-2022 *\/\n.elementor-widget-text-editor.elementor-drop-cap-view-stacked .elementor-drop-cap{background-color:#818a91;color:#fff}.elementor-widget-text-editor.elementor-drop-cap-view-framed .elementor-drop-cap{color:#818a91;border:3px solid;background-color:transparent}.elementor-widget-text-editor:not(.elementor-drop-cap-view-default) .elementor-drop-cap{margin-top:8px}.elementor-widget-text-editor:not(.elementor-drop-cap-view-default) .elementor-drop-cap-letter{width:1em;height:1em}.elementor-widget-text-editor .elementor-drop-cap{float:left;text-align:center;line-height:1;font-size:50px}.elementor-widget-text-editor .elementor-drop-cap-letter{display:inline-block}<\/style>\t\t\t\t<div class=\"fs_bold pt20\"><div class=\"fs_bold pt20\">1. VERTRAGSABSCHLUSS<\/div><div>\u00a0<\/div><div class=\"fs_light pt20 border_bottom pb35\"><p>1.1 Die vom Kunden \u00fcber das Online-Formular \u00fcbermittelte Bestellung stellt ein an \u00a0SOCIETA&#8217; AGRICOLA MAFRICA S.a.s gerichtetes Angebot zum Abschluss eines Kaufvertrags zu den darin genannten<\/p><p>Bedingungen und gem\u00e4\u00df diesen Allgemeinen Verkaufsbedingungen dar. Mit der elektronischen \u00dcbermittlung des Bestellformulars verpflichtet sich der Kunde diese im Umgang mit \u00a0SOCIETA&#8217; AGRICOLA MAFRICA S.a.s einzuhalten.<br \/>Mit der elektronischen \u00dcbermittlung des Bestellformulars best\u00e4tigt der Kunde daher, die allgemeinen Verkaufsbedingungen zu kennen und zu akzeptieren sowie weitere Informationen erhalten zu haben, die ebenso auf der Website eingesehen werden k\u00f6nnen. Der Kunde ist bei der Angabe personenbezogener Daten verpflichtet, die Umsatzsteuer-Identifikationsnummer seines Unternehmens oder seine Steuernummer einzugeben. Unvollst\u00e4ndige und\/oder fehlerhafte Bestellungen k\u00f6nnen aufgrund der hier genannten Zwecke nicht ber\u00fccksichtigt werden.<br \/>Diese allgemeinen Verkaufsbedingungen gelten im Umgang zwischen dem Kunden und<\/p><\/div><\/div><div class=\"fs_light pt20 border_bottom pb35\"><p>Societ\u00e0 Agricola Mafrica S.a.s.<br \/>Via D. Muzzupappa, &#8211; 89844 &#8211; Limbadi (VV) &#8211; Italy &#8211; info@oliomafrica.com<br \/>Tel. +39 0963.85479 &#8211;<br \/>P.IVA. e Cod.Fisc. 03530510795 -Die Bezahlung der Bestellungen muss gleichzeitig mit der Bestellung auf folgende Weise erfolgen:<br \/>IBAN: <b>\u00a0IT10S0306981372100000005940<\/b><br \/>SWIFT CODE BIC &#8212;<br \/>BANCA: INTESA SANPAOLO\u00a0<\/p><\/div>\t\t\t\t\t\t<\/div>\n\t\t\t\t<\/div>\n\t\t\t\t<div class=\"elementor-element elementor-element-c9187d8 color-scheme-inherit text-left elementor-widget elementor-widget-text-editor\" data-id=\"c9187d8\" data-element_type=\"widget\" data-widget_type=\"text-editor.default\">\n\t\t\t\t<div class=\"elementor-widget-container\">\n\t\t\t\t\t\t\t<div class=\"fs_bold pt20\">\n<div class=\"fs_bold pt20\">\n<div class=\"fs_bold pt20\">2. MERKMALE UND PREISE DER PRODUKTE<\/div>\n<div><\/div>\n<div class=\"fs_light pt20  border_bottom pb35\">2.1 Die Merkmale der Produkte sind auf der Website dargestellt und in jedem Produktblatt beschrieben. Die Bilder und Farben der zum Verkauf angebotenen Produkte k\u00f6nnen jedoch aufgrund von m\u00f6glichen Verbesserungen und mittelfristigen Ver\u00e4nderungen (die SOCIETA&#8217; AGRICOLA MAFRICA S.a.s auf seiner Website ank\u00fcndigt) oder aufgrund des jeweiligen Internetbrowsers oder des verwendeten Bildschirms m\u00f6glicherweise von den tats\u00e4chlichen abweichen.<\/div>\n<\/div>\n<\/div>\n\t\t\t\t\t\t<\/div>\n\t\t\t\t<\/div>\n\t\t\t\t<div class=\"elementor-element elementor-element-1989331 color-scheme-inherit text-left elementor-widget elementor-widget-text-editor\" data-id=\"1989331\" data-element_type=\"widget\" data-widget_type=\"text-editor.default\">\n\t\t\t\t<div class=\"elementor-widget-container\">\n\t\t\t\t\t\t\t<div class=\"fs_bold pt20\"><div class=\"fs_bold pt20\"><div class=\"fs_light pt20 border_bottom pb35\"><div class=\"fs_bold pt20\">3. ALLGEMEINE REGELN<\/div><div class=\"fs_light pt20 border_bottom pb35\"><p>3.1 Alle \u00f6ffentlichen Preise verstehen sich einschlie\u00dflich Mehrwertsteuer und alle Produkte auf unserer Website sind auch an unserem Firmensitz erh\u00e4ltlich.<br \/>Der Versand erfolgt stets mit einer regul\u00e4ren Rechnung und\/oder einem anderen gleichwertigen Dokument.<br \/>Die Versandkosten m\u00fcssen zum Preis des einzelnen Produkts und\/oder der Dienstleistung hinzugef\u00fcgt werden, wobei der Betrag je nach Versandart und dem Gesamtbetrag des Kaufs variieren kann. Der f\u00fcr die ausgew\u00e4hlten Produkte und\/oder Dienstleistungen f\u00e4llige Gesamtbetrag wird vor Abschluss des Kaufvertrages deutlich angegeben und dem Kunden mitgeteilt.<br \/>Die auf der Website angegebenen Preise k\u00f6nnen von SOCIETA&#8217; AGRICOLA MAFRICA S.a.s. ohne vorherige Ank\u00fcndigung gegen\u00fcber dem Kunden korrigiert und\/oder ge\u00e4ndert werden. Diese Abweichungen k\u00f6nnen aufgrund von Preis\u00e4nderungen entstehen, die von den Lieferanten von SOCIETA&#8217; AGRICOLA MAFRICA S.a.s. festgelegt wurden. Auf die vor der Ver\u00f6ffentlichung der vorgenannten \u00c4nderungen geschlossenen, aber noch laufenden Kaufvertr\u00e4ge werden die zum Zeitpunkt der Bestellung g\u00fcltigen Preise angewendet.<\/p><p>3.2 Diese Allgemeinen Gesch\u00e4ftsbedingungen sowie jeder Kaufvertrag unterliegen italienischem Recht und der italienischen Gerichtsbarkeit. Alle Streitigkeiten bez\u00fcglich der Allgemeinen Gesch\u00e4ftsbedingungen oder der Kaufvertr\u00e4ge sind unbeschadet der Anwendbarkeit der gesetzlichen Bestimmungen zum Verbraucherschutz an die ausschlie\u00dfliche Gerichtsbarkeit des Gerichts von Vibo Valentia zu verweisen.<\/p><p>BESCHWERDEN AN:<\/p><\/div><p>e-mail: info@oliomafrica.com telefono: +39 0963 85479<\/p><\/div><\/div><\/div>\t\t\t\t\t\t<\/div>\n\t\t\t\t<\/div>\n\t\t\t\t<div class=\"elementor-element elementor-element-f2101c9 color-scheme-inherit text-left elementor-widget elementor-widget-text-editor\" data-id=\"f2101c9\" data-element_type=\"widget\" data-widget_type=\"text-editor.default\">\n\t\t\t\t<div class=\"elementor-widget-container\">\n\t\t\t\t\t\t\t<div class=\"fs_bold pt20\">\n<div class=\"fs_bold pt20\">\n<div class=\"fs_bold pt20\">\n<div class=\"fs_bold pt20\">\n<div class=\"fs_bold  pt20\">4. FEHLERHAFTE WARE<\/div>\n<div><\/div>\n<div class=\"fs_light pt20  border_bottom pb35\">Sollte die Ware M\u00e4ngel aufweisen:<br \/>\n&#8211; Kann sie innerhalb von 15 Tagen nach Erhalt an SOCIETA&#8217; AGRICOLA MAFRICA S.A.S. zur\u00fcckgeschickt werden.<br \/>\n&#8211; Die Versand- und Verpackungskosten f\u00fcr die R\u00fccksendung der fehlerhaften Ware \u00fcbernimmt SOCIETA&#8217; AGRICOLA MAFRICA S.A.S. ersetzt Ihnen die fehlerhafte Ware oder (sollte sie bereits ausverkauft sein) erstattet Ihnen den Kaufpreis.<\/div>\n<\/div>\n<\/div>\n<\/div>\n<\/div>\n\t\t\t\t\t\t<\/div>\n\t\t\t\t<\/div>\n\t\t\t\t<div class=\"elementor-element elementor-element-1158859 color-scheme-inherit text-left elementor-widget elementor-widget-text-editor\" data-id=\"1158859\" data-element_type=\"widget\" data-widget_type=\"text-editor.default\">\n\t\t\t\t<div class=\"elementor-widget-container\">\n\t\t\t\t\t\t\t<div class=\"fs_bold pt20\">\n<div class=\"fs_bold pt20\">\n<div class=\"fs_bold pt20\">\n<div class=\"fs_bold pt20\">\n<div class=\"fs_bold pt20\">\n<div class=\"fs_bold  pt20\">5. VERSANDSCH\u00c4DEN<\/div>\n<div><\/div>\n<div class=\"fs_light pt20  border_bottom pb35\">Wenn Sie Pakete von SOCIETA&#8217; AGRICOLA MAFRICA S.A.S. erhalten, die vom Kurier sichtbar besch\u00e4digt wurden (zerrissene Verpackung oder sichtbare Verschmutzung durch Flaschen oder andere zerbrochene Beh\u00e4lter), k\u00f6nnen Sie folgende Schritte setzen:<br \/>\nSollte die Sendung in mehreren Paketen erfolgen, lehnen Sie nur das besch\u00e4digte Paket ab und unterschreiben Sie den Bescheid des Kuriers mit \u201eunter Vorbehalt angenommen\u201c Angabe der Motivation. Es liegt dann in unserer Verantwortung, f\u00fcr die R\u00fccksendung des besch\u00e4digten Pakets zu sorgen und Ihnen das Produkt zur\u00fcckzusenden.<br \/>\n&#8211; Sollte die Sendung aus nur einem Paket bestehen, lehnen Sie die Sendung ab und wir k\u00fcmmern uns wie oben beschrieben um den R\u00fcckversand und die erneute \u00dcbermittlung Ihrer Waren. Etwaige Versandkosten f\u00fcr die R\u00fccksendung des besch\u00e4digten Pakets an den Absender und die R\u00fccksendung des neuen Pakets werden von uns getragen.<br \/>\nSollte das Produkt nicht mehr verf\u00fcgbar sein, kontaktieren wir Sie, um \u00fcber ein m\u00f6gliches Ersatzprodukt zu sprechen. Wenn Sie kein angemessenes Ersatzprodukt finden, erstattet Ihnen SOCIETA&#8217; AGRICOLA MAFRICA S.A.S.\u00a0 den Kaufpreis.<\/div>\n<\/div>\n<\/div>\n<\/div>\n<\/div>\n<\/div>\n\t\t\t\t\t\t<\/div>\n\t\t\t\t<\/div>\n\t\t\t\t<div class=\"elementor-element elementor-element-dee0e31 color-scheme-inherit text-left elementor-widget elementor-widget-text-editor\" data-id=\"dee0e31\" data-element_type=\"widget\" data-widget_type=\"text-editor.default\">\n\t\t\t\t<div class=\"elementor-widget-container\">\n\t\t\t\t\t\t\t<div class=\"fs_bold pt20\"><div class=\"fs_bold pt20\"><div class=\"fs_bold pt20\"><div class=\"fs_bold pt20\"><div class=\"fs_bold pt20\"><div class=\"fs_bold pt20\"><div class=\"fs_bold pt20\">6. R\u00dcCKTRITTSRECHT<\/div><div>\u00a0<\/div><div class=\"fs_light pt20 border_bottom pb35\"><p>6.1 K\u00e4ufe auf der Website von aziendaagricolamafrica.it unterliegen den Gesetzesbestimmungen 206\/2005 und 21\/2014, bez\u00fcglich des Rechts, aus jeglichem Grund vom Kaufvertrag zur\u00fcckzutreten zu d\u00fcrfen.<br \/>F\u00fcr die Aus\u00fcbung des R\u00fccktrittsrechts gelten folgende Voraussetzungen:<br \/>&#8211; Um das R\u00fccktrittsrecht auszu\u00fcben, darf die gekaufte Ware nicht besch\u00e4digt oder ge\u00f6ffnet sein<br \/>&#8211; Das R\u00fccktrittsrecht ist nur nat\u00fcrlichen Personen vorbehalten. Daher sind K\u00e4ufe von Einzelh\u00e4ndlern oder Unternehmen, die aus irgendeinem Grund zum Weiterverkauf an Dritte erworben werden, ausgeschlossen.<br \/>&#8211; Bei Erhalt wird die Ware auf Sch\u00e4den oder unsachgem\u00e4\u00dfe Behandlung untersucht, daher empfehlen wir h\u00f6chste Aufmerksamkeit beim Verpacken der Ware und die Verwendung der Originalverpackung oder eine \u00e4hnliche Verpackung.<br \/>&#8211; Zur Aus\u00fcbung dieses Rechts muss der Kunde uns innerhalb von 15 Tagen nach Erhalt der bestellten Ware eine Mitteilung \u00fcber seine R\u00fccktrittsabsicht zukommen lassen und die Ware innerhalb von 15 Tagen absenden.<br \/>&#8211; Die Versandkosten sind zu Lasten des Kunden.<\/p><p>6.2 Verfahren bei der Aus\u00fcbung des R\u00fccktrittsrechts<br \/>Senden Sie eine E-Mail an info@oliomafrica.com, in der Sie erkl\u00e4ren, dass Sie von Ihrem R\u00fccktrittsrecht Gebrauch machen m\u00f6chten. Geben Sie darin auch die folgenden Daten an: &#8211; Bestellnummer und Bestelldatum<br \/>&#8211; Rechnungsnummer<br \/>&#8211; die Liste der vom R\u00fccktritt betroffenen Produkte (geben Sie jeden Artikel mit seiner Artikelnummer an)<br \/>&#8211; eigene Bankverbindung (IBAN-Code)<br \/>Warten Sie danach auf eine Mitteilung unseres Kundendienstes, der die R\u00fccksendung autorisiert. Nach Erhalt dieser Mitteilung m\u00fcssen Sie die beanstandete Ware innerhalb von weiteren 15 Tagen an folgende Adresse zur\u00fccksenden:<\/p><\/div><\/div><\/div><div class=\"fs_light pt20 border_bottom pb35\"><p>Societ\u00e0 Agricola Mafrica S.a.s.<br \/>Via D. Muzzupappa, &#8211; 89844 &#8211; Limbadi (VV) &#8211; Italy &#8211; info@oliomafrica.com<br \/>Tel. +39 0963.85479 &#8211;<br \/>P.IVA. e Cod.Fisc. 03530510795 &#8211;<\/p><\/div><\/div><\/div><\/div><\/div>\t\t\t\t\t\t<\/div>\n\t\t\t\t<\/div>\n\t\t\t\t<section class=\"wd-negative-gap elementor-section elementor-inner-section elementor-element elementor-element-43efd9ea elementor-section-content-middle elementor-section-boxed elementor-section-height-default elementor-section-height-default wd-section-disabled\" data-id=\"43efd9ea\" data-element_type=\"section\">\n\t\t\t\t\t\t<div class=\"elementor-container elementor-column-gap-default\">\n\t\t\t\t\t<div class=\"elementor-column elementor-col-100 elementor-inner-column elementor-element elementor-element-3e7462a4\" data-id=\"3e7462a4\" data-element_type=\"column\">\n\t\t\t<div class=\"elementor-widget-wrap elementor-element-populated\">\n\t\t\t\t\t\t\t\t<div class=\"elementor-element elementor-element-51b36934 elementor-widget__width-auto color-scheme-inherit text-left elementor-widget elementor-widget-text-editor\" data-id=\"51b36934\" data-element_type=\"widget\" data-widget_type=\"text-editor.default\">\n\t\t\t\t<div class=\"elementor-widget-container\">\n\t\t\t\t\t\t\t<p><a><strong><em>Azienda Agricola Mafrica S.a.s. &#8211; Limbadi\u00a0 &#8211; Italy<\/em><\/strong><\/a><\/p>\n\t\t\t\t\t\t<\/div>\n\t\t\t\t<\/div>\n\t\t\t\t<div class=\"elementor-element elementor-element-50aa452a elementor-widget__width-auto elementor-widget elementor-widget-wd_social_buttons\" data-id=\"50aa452a\" data-element_type=\"widget\" data-widget_type=\"wd_social_buttons.default\">\n\t\t\t\t<div class=\"elementor-widget-container\">\n\t\t\t\n\t\t\t<div class=\"wd-social-icons icons-design-bordered icons-size-small color-scheme-dark social-share social-form-circle text-right\">\n\n\t\t\t\t\n\t\t\t\t\t\t\t\t\t<a rel=\"noopener noreferrer nofollow\" href=\"https:\/\/www.facebook.com\/sharer\/sharer.php?u=https:\/\/aziendaagricolamafrica.it\/de\/allgemeine-verkaufsbedingungen\/\" target=\"_blank\" class=\" wd-social-icon social-facebook\" aria-label=\"Facebook social link\">\n\t\t\t\t\t\t<span class=\"wd-icon\"><\/span>\n\t\t\t\t\t\t\t\t\t\t\t<\/a>\n\t\t\t\t\n\t\t\t\t\n\t\t\t\t\n\t\t\t\t\n\t\t\t\t\n\t\t\t\t\n\t\t\t\t\n\t\t\t\t\n\t\t\t\t\n\t\t\t\t\n\t\t\t\t\n\t\t\t\t\n\t\t\t\t\n\t\t\t\t\n\t\t\t\t\n\t\t\t\t\n\t\t\t\t\t\t\t\t\t<a rel=\"noopener noreferrer nofollow\" href=\"https:\/\/api.whatsapp.com\/send?text=https%3A%2F%2Faziendaagricolamafrica.it%2Fde%2Fallgemeine-verkaufsbedingungen%2F\" target=\"_blank\" class=\"whatsapp-desktop  wd-social-icon social-whatsapp\" aria-label=\"WhatsApp social link\">\n\t\t\t\t\t\t<span class=\"wd-icon\"><\/span>\n\t\t\t\t\t\t\t\t\t\t\t<\/a>\n\t\t\t\t\t\n\t\t\t\t\t<a rel=\"noopener noreferrer nofollow\" href=\"whatsapp:\/\/send?text=https%3A%2F%2Faziendaagricolamafrica.it%2Fde%2Fallgemeine-verkaufsbedingungen%2F\" target=\"_blank\" class=\"whatsapp-mobile  wd-social-icon social-whatsapp\" aria-label=\"WhatsApp social link\">\n\t\t\t\t\t\t<span class=\"wd-icon\"><\/span>\n\t\t\t\t\t\t\t\t\t\t\t<\/a>\n\t\t\t\t\n\t\t\t\t\t\t\t\t\n\t\t\t\t\t\t\t\t\n\t\t\t\t\n\t\t\t\t\t\t\t\t\t<a rel=\"noopener noreferrer nofollow\" href=\"https:\/\/telegram.me\/share\/url?url=https:\/\/aziendaagricolamafrica.it\/de\/allgemeine-verkaufsbedingungen\/\" target=\"_blank\" class=\" wd-social-icon social-tg\" aria-label=\"Telegram social link\">\n\t\t\t\t\t\t<span class=\"wd-icon\"><\/span>\n\t\t\t\t\t\t\t\t\t\t\t<\/a>\n\t\t\t\t\t\t\t\t\n\t\t\t\t\n\t\t\t<\/div>\n\n\t\t\t\t<\/div>\n\t\t\t\t<\/div>\n\t\t\t\t\t<\/div>\n\t\t<\/div>\n\t\t\t\t\t\t\t<\/div>\n\t\t<\/section>\n\t\t\t\t\t<\/div>\n\t\t<\/div>\n\t\t\t\t\t\t\t<\/div>\n\t\t<\/section>\n\t\t\t\t\t\t\t<\/div>\n\t\t","protected":false},"excerpt":{"rendered":"<p>ALLGEMEINE VERKAUFSBEDINGUNGEN Diese Verkaufsbedingungen gelten f\u00fcr alle auf der Website aziendaagricolamafrica.it get\u00e4tigten Eink\u00e4ufe. 1. VERTRAGSABSCHLUSS\u00a0 1.1 Die vom Kunden \u00fcber<\/p>\n","protected":false},"author":1,"featured_media":0,"parent":0,"menu_order":0,"comment_status":"closed","ping_status":"closed","template":"","meta":{"footnotes":""},"_links":{"self":[{"href":"https:\/\/aziendaagricolamafrica.it\/de\/wp-json\/wp\/v2\/pages\/13494"}],"collection":[{"href":"https:\/\/aziendaagricolamafrica.it\/de\/wp-json\/wp\/v2\/pages"}],"about":[{"href":"https:\/\/aziendaagricolamafrica.it\/de\/wp-json\/wp\/v2\/types\/page"}],"author":[{"embeddable":true,"href":"https:\/\/aziendaagricolamafrica.it\/de\/wp-json\/wp\/v2\/users\/1"}],"replies":[{"embeddable":true,"href":"https:\/\/aziendaagricolamafrica.it\/de\/wp-json\/wp\/v2\/comments?post=13494"}],"version-history":[{"count":11,"href":"https:\/\/aziendaagricolamafrica.it\/de\/wp-json\/wp\/v2\/pages\/13494\/revisions"}],"predecessor-version":[{"id":16861,"href":"https:\/\/aziendaagricolamafrica.it\/de\/wp-json\/wp\/v2\/pages\/13494\/revisions\/16861"}],"wp:attachment":[{"href":"https:\/\/aziendaagricolamafrica.it\/de\/wp-json\/wp\/v2\/media?parent=13494"}],"curies":[{"name":"wp","href":"https:\/\/api.w.org\/{rel}","templated":true}]}}