{"id":13555,"date":"2021-08-06T12:25:22","date_gmt":"2021-08-06T10:25:22","guid":{"rendered":"https:\/\/aziendaagricolamafrica.it\/informativa-cookie\/"},"modified":"2021-08-06T13:36:22","modified_gmt":"2021-08-06T11:36:22","slug":"informativa-cookie","status":"publish","type":"page","link":"https:\/\/aziendaagricolamafrica.it\/de\/informativa-cookie\/","title":{"rendered":"Cookies policy"},"content":{"rendered":"\t\t<div data-elementor-type=\"wp-page\" data-elementor-id=\"13555\" class=\"elementor elementor-13555 elementor-13528\">\n\t\t\t\t\t\t\t\t\t<section class=\"elementor-section elementor-top-section elementor-element elementor-element-5d89901a elementor-section-full_width elementor-section-height-default elementor-section-height-default wd-section-disabled\" data-id=\"5d89901a\" data-element_type=\"section\">\n\t\t\t\t\t\t<div class=\"elementor-container elementor-column-gap-default\">\n\t\t\t\t\t<div class=\"elementor-column elementor-col-100 elementor-top-column elementor-element elementor-element-17105180\" data-id=\"17105180\" data-element_type=\"column\">\n\t\t\t<div class=\"elementor-widget-wrap elementor-element-populated\">\n\t\t\t\t\t\t\t\t<div class=\"elementor-element elementor-element-6308c29c elementor-widget elementor-widget-wd_title\" data-id=\"6308c29c\" data-element_type=\"widget\" data-widget_type=\"wd_title.default\">\n\t\t\t\t<div class=\"elementor-widget-container\">\n\t\t\t\t\t<div class=\"title-wrapper set-mb-s reset-last-child wd-title-color-default wd-title-style-default wd-title-size-default text-left\">\n\n\t\t\t\t\t\t\t<div class=\"title-subtitle subtitle-color-default subtitle-style-default wd-fontsize-xs\">\n\t\t\t\t\tCOOKIE POLICY\t\t\t\t<\/div>\n\t\t\t\n\t\t\t<div class=\"liner-continer\">\n\t\t\t\t<h4 class=\"woodmart-title-container title wd-fontsize-l\">Cookies informationen<\/h4> \n\t\t\t\t\t\t\t<\/div>\n\n\t\t\t\t\t<\/div>\n\t\t\t\t<\/div>\n\t\t\t\t<\/div>\n\t\t\t\t<div class=\"elementor-element elementor-element-fedb1f6 color-scheme-inherit text-left elementor-widget elementor-widget-text-editor\" data-id=\"fedb1f6\" data-element_type=\"widget\" data-widget_type=\"text-editor.default\">\n\t\t\t\t<div class=\"elementor-widget-container\">\n\t\t\t<style>\/*! elementor - v3.8.0 - 30-10-2022 *\/\n.elementor-widget-text-editor.elementor-drop-cap-view-stacked .elementor-drop-cap{background-color:#818a91;color:#fff}.elementor-widget-text-editor.elementor-drop-cap-view-framed .elementor-drop-cap{color:#818a91;border:3px solid;background-color:transparent}.elementor-widget-text-editor:not(.elementor-drop-cap-view-default) .elementor-drop-cap{margin-top:8px}.elementor-widget-text-editor:not(.elementor-drop-cap-view-default) .elementor-drop-cap-letter{width:1em;height:1em}.elementor-widget-text-editor .elementor-drop-cap{float:left;text-align:center;line-height:1;font-size:50px}.elementor-widget-text-editor .elementor-drop-cap-letter{display:inline-block}<\/style>\t\t\t\t<h2>Inhaber des Vertrages<\/h2><p>Der Gebrauch von Cookies seitens\u00a0 Societ\u00e0 Agricola Mafrica S.a.s. ( \u201eder Verwalter\u201c) mit Firmensitz in Via D. Muzzupappa, snc, 89844, Limbadi, Vibo Valentia, email: info@oliomafrica.com, ist Teil der Datenschutzrichtlinien des Verwalters, nach dem Gesetzesdekret 196\/03 des Datenschutzgesetzbuches und der Verf\u00fcgung vom 8. Mai 2014 \u201eErfassung der vereinfachten Modalit\u00e4ten f\u00fcr die Unterrichtung und den Erhalt des Einverst\u00e4ndnisses f\u00fcr den Gebrauch von Cookies\u201c des Italienischen Datenschutzbeauftragten. Nach Art. 13 des Datenschutzgesetzbuches informieren wir Sie, dass Societ\u00e0 Agricola Mafrica S.a.s. als Inhaber des Vertrages gem\u00e4\u00df der Norm des Sachgebietes handelt.<\/p><h2>Was ist ein Cookie und wof\u00fcr wird es verwendet?<\/h2><p>Ein Cookie ist eine kleine Textdatei, die an den Browser gesendet und beim Besuch einer Website auf Ihrem Endger\u00e4t als aziendaagricolamafrica.it\u00a0 (\u201cdie Website\u201d) gespeichert wird.<br \/>Cookies erlauben eine effiziente Nutzung der Website und verbessern deren Leistungen; sie liefern dem Besitzer der Website Informationen zu statistischen Zwecken oder Werbezwecken. Vor allem dienen sie dazu, Ihre Surferfahrung zu personalisieren und Ihre Pr\u00e4ferenzen zu speichern (beispielsweise welche Sprache und W\u00e4hrung Sie eingegeben haben oder um Sie bei Ihrem n\u00e4chsten Besuch zu erkennen).<\/p><h2>Annahmemodus<\/h2><p>Wie bereits in der Kurzinformation, die im Banner angedeutet wird, spezifiziert wird, k\u00f6nnen Sie dem Gebrauch von Cookies auf vereinfachte Weise zustimmen, indem Sie auf \u201eOK\u201c klicken, das Banner durch Klicken auf das angezeigte \u201eX\u201c schlie\u00dfen, auf der Seite herunterscrollen oder auf sonstige Elemente der internen Inhalte der Website klicken.<br \/>Die Fortsetzung der Navigation auf der Website durch das Verlassen der Cookie Richtlinien ohne eine spezifische Wahl der Verwaltung der Zustimmung ist einer Einwilligung zum Gebrauch aller Cookies gleichzusetzen.<\/p><h2>Welche Cookies werden verwendet und zu welchem Zweck?<\/h2><p>Unsere Website setzt verschiedene Arten von Cookies und \u00e4hnliche Technologien ein, die jeweils eine spezifische Funktion haben. Cookies, die direkt von\u00a0 Azienda Agricola Mafrica S.a.s. eingesetzt und verwaltet werden und Cookies, die von Dritten nach den eigenen Datenschutzerkl\u00e4rungen eingesetzt und verwaltet und somit nicht von Azienda Agricola Mafrica S.a.s. kontrolliert werden.<\/p><h2>So w\u00e4hlen oder deaktivieren, entfernen oder blockieren Sie Cookies.<\/h2><p>Wenn ein Nutzer auf\u00a0 aziendaagricolamafrica.it surft, erkl\u00e4rt er sich damit stillschweigend mit der Verwendung von Cookies einverstanden. In der Standardeinstellung akzeptieren die Browser im Allgemeinen die Verwendung von Cookies sowohl durch\u00a0 aziendaagricolamafrica.it als auch von dritten Websites.<br \/>Diese Einstellungen lassen sich aber je nach verwendetem Browser auf unterschiedliche Weise auch ab\u00e4ndern.<br \/>Wenn zum Surfen mehrere verschiedene Ger\u00e4te benutzt werden (zum Beispiel Computer, Smartphone, Tablet, etc.), sollte man sicherstellen, dass jeder Browser auf jedem Ger\u00e4t so eingestellt ist, dass er den jeweiligen Cookie-Vorlieben entspricht.<br \/>Die Deaktivierung von Cookies kann die Benutzerfreundlichkeit der Website verringern. Zum Beispiel, k\u00f6nnten Sie nicht mehr in der Lage sein, bestimmte Abschnitte zu besuchen oder personalisierte Informationen zu erhalten.<\/p><p>Zur Verwaltung der Cookie-Nutzung k\u00f6nnen Sie Ihre Browser-Einstellungen \u00e4ndern. Das geht bei den verbreiteten Browsern wie folgt:<\/p><ul class=\"pl15 pt10\"><li>Internet Explorer:\u00a0<a href=\"https:\/\/support.microsoft.com\/de-de\/help\/17442\/windows-internet-explorer-delete-manage-cookies\">Cookies verwalten<\/a><\/li><li>Microsoft Edge:\u00a0<a href=\"https:\/\/support.microsoft.com\/de-de\/help\/4468242\/microsoft-edge-browsing-data-and-privacy\">Cookies verwalten<\/a><\/li><li>Mozilla Firefox:\u00a0<a href=\"https:\/\/support.mozilla.org\/it\/kb\/Eliminare%20i%20cookie?esab=a&amp;s=cookie&amp;r=5&amp;as=s\" target=\"_blank\" rel=\"noopener\">Cookies verwalten<\/a><\/li><li>Google Chrome:\u00a0<a href=\"https:\/\/support.google.com\/chrome\/answer\/95647?hl=it\" target=\"_blank\" rel=\"noopener\">Cookies verwalten<\/a><\/li><li>Opera:\u00a0<a href=\"https:\/\/help.opera.com\/en\/latest\/web-preferences\/#cookies\">Cookies verwalten<\/a><\/li><li>Safari:\u00a0<a href=\"https:\/\/support.apple.com\/it-it\/HT201265\" target=\"_blank\" rel=\"noopener\">Cookies verwalten<\/a><\/li><\/ul><p>Um die analytischen Cookies zu deaktivieren und Google Analytics daran zu hindern, Daten betreffs Ihrer Navigation zu sammeln, k\u00f6nnen Sie die\u00a0<a href=\"https:\/\/tools.google.com\/dlpage\/gaoptout\">Zusatz-Komponente Ihres Browsers<\/a>\u00a0f\u00fcr die Deaktivierung von Google Analytics herunterladen.<\/p><h2>Technische Cookies<\/h2><ul class=\"pl15 pt10\"><li>Sessioncookies, die vom Server automatisch erzeugt werden.<\/li><li>Analytik-Cookies (\u00e4hnlich den technischen Cookies laut Gesetzesverordnung vom 08.05.14 und nachfolgenden Erl\u00e4uterungen) zur Sammlung von Daten in aggregierter Form \u00fcber die Anzahl der Benutzer und wie sie die Website besuchen. Diese anonymen Cookies sammeln Informationen dar\u00fcber, wie eine Website verwendet wird und erm\u00f6glichen deren Besitzer ein besseres Verst\u00e4ndnis f\u00fcr seine Nutzer, um die Funktion der Website zu verbessern.<\/li><li>Funktionscookies zur Anzeige des Hinweises \u00fcber die Cookie-Richtlinien.<\/li><li>Funktionscookies zur Erfassung der Anmeldedaten.<\/li><\/ul><ul class=\"pl15 pt10\"><li>Funktionscookies zur Wiederherstellung des letzten Warenkorbs.<\/li><li>Funktionscookies zur Anzeige des Warenkorbs.<\/li><\/ul><p>Der Benutzer kann die Nutzung technischer Cookies jederzeit deaktivieren, aber dann ist die volle Nutzbarkeit der Website nicht mehr garantiert. Wenn der Nutzer sich trotzdem dazu entschlie\u00dft, kann er die einzelnen Cookies auf die am Ende dieser Erkl\u00e4rung erkl\u00e4rte Weise ausw\u00e4hlen\/abw\u00e4hlen.<\/p><h2>Analytische Drittparteicookies<\/h2><p>Die Seite verwendet auch die folgenden Cookies von Drittanbietern:<\/p><ul class=\"pl10 pt10\"><li>Google Analytics (diese sind den technischen Cookies laut Gesetzesverordnung vom 08.05.14 und nachfolgenden Erl\u00e4uterungen gleichgestellt) zur Sammlung von Daten in aggregierter Form \u00fcber die Anzahl der Benutzer und wie sie die Website besuchen. Diese anonymen Cookies sammeln Informationen dar\u00fcber, wie eine Website verwendet wird und erm\u00f6glichen deren Besitzer ein besseres Verst\u00e4ndnis f\u00fcr seine Nutzer, um die Funktion der Website zu verbessern. Weitere Informationen finden Sie unter\u00a0<a href=\"http:\/\/www.google.com\/intl\/en\/policies\/privacy\/\" target=\"_blank\" rel=\"noopener\">Link zu den Datenschutzbestimmungen<\/a>\u00a0des Dienstleisters.<\/li><\/ul><h2>Profilierungscookies von Drittanbietern<\/h2><p>Die Seite verwendet auch die folgenden Profilierungscookies von Fremdanbietern<\/p><ul class=\"pl15 pt10\"><li>Google AdWords: Google-Cookies, die zur \u00dcberwachung der Umwandlungen, zum Remarketing von Google und zum Versand individueller Werbemitteilungen dienen. Weitere Informationen und Zustimmungsformulare der dritten Partei finden Sie unter\u00a0<a href=\"http:\/\/www.google.com\/intl\/it\/policies\/privacy\/\" target=\"_blank\" rel=\"noopener\">Link zu den Datenschutzbestimmungen<\/a>\u00a0des Dienstleisters.<\/li><\/ul><ul><li>Google Maps: Mit diesem Service \u00fcbernehmen wir die Karten von Google und nutzen die Google-Standortdienste. Wenn Sie also eine Seite mit eingebetteten Inhalten von Google Maps besuchen, k\u00f6nnen Sie Cookies von Google erhalten. Weitere Informationen und Zustimmungsformulare der dritten Partei finden Sie unter\u00a0<a href=\"http:\/\/www.google.com\/intl\/it\/policies\/privacy\/\" target=\"_blank\" rel=\"noopener\">Link zu den Datenschutzbestimmungen<\/a>\u00a0des Dienstleisters.<\/li><\/ul><ul><li>PayPal: Dieser Service ist ein Zahlungsdienst von Dritten. Die vom Benutzer eingegebenen Daten zum Abschluss des Zahlungsvorgangs stammen direkt von den Zahlungsdienstanbietern, ohne dass sie von dieser Seite in irgendeiner Weise verarbeitet werden. Einige dieser Dienste k\u00f6nnen auch den Versand vorgesehener Mitteilungen an den Nutzer zulassen, wie beispielsweise E-Mails mit Rechnungen oder Benachrichtigungen. PayPal ist ein Online-Zahlungsdienst per Kreditkarte und mit anderen Instrumenten, von dem Sie Cookies empfangen k\u00f6nnen. Weitere Informationen und Zustimmungsformulare der dritten Partei finden Sie unter\u00a0<a href=\"https:\/\/www.paypal.com\/it\/webapps\/mpp\/ua\/privacy-full?locale.x=it_IT\" target=\"_blank\" rel=\"noopener\">Link zu den Datenschutzbestimmungen<\/a>\u00a0des Dienstleisters.<\/li><\/ul><ul><li>YouTube: \u00dcber diesen Service k\u00f6nnen wir Videos einbinden oder Links zu YouTube-Videos einf\u00fcgen. Wenn du also eine Seite mit eingebetteten Inhalten von YouTube oder einer Verkn\u00fcpfung mit YouTube besuchst, kannst du Cookies von YouTube erhalten.<\/li><\/ul><div><small>Ultimo aggiornamento: agosto 2021<\/small><\/div>\t\t\t\t\t\t<\/div>\n\t\t\t\t<\/div>\n\t\t\t\t<section class=\"wd-negative-gap elementor-section elementor-inner-section elementor-element elementor-element-619e6b7 elementor-section-content-middle elementor-section-boxed elementor-section-height-default elementor-section-height-default wd-section-disabled\" data-id=\"619e6b7\" data-element_type=\"section\">\n\t\t\t\t\t\t<div class=\"elementor-container elementor-column-gap-default\">\n\t\t\t\t\t<div class=\"elementor-column elementor-col-100 elementor-inner-column elementor-element elementor-element-77edf10\" data-id=\"77edf10\" data-element_type=\"column\">\n\t\t\t<div class=\"elementor-widget-wrap elementor-element-populated\">\n\t\t\t\t\t\t\t\t<div class=\"elementor-element elementor-element-6c794fd1 elementor-widget__width-auto color-scheme-inherit text-left elementor-widget elementor-widget-text-editor\" data-id=\"6c794fd1\" data-element_type=\"widget\" data-widget_type=\"text-editor.default\">\n\t\t\t\t<div class=\"elementor-widget-container\">\n\t\t\t\t\t\t\t<p><a><strong><em>Azienda Agricola Mafrica S.a.s. &#8211; Limbadi\u00a0 &#8211; Italy<\/em><\/strong><\/a><\/p>\n\t\t\t\t\t\t<\/div>\n\t\t\t\t<\/div>\n\t\t\t\t<div class=\"elementor-element elementor-element-717620f2 elementor-widget__width-auto elementor-widget elementor-widget-wd_social_buttons\" data-id=\"717620f2\" data-element_type=\"widget\" data-widget_type=\"wd_social_buttons.default\">\n\t\t\t\t<div class=\"elementor-widget-container\">\n\t\t\t\n\t\t\t<div class=\"wd-social-icons icons-design-bordered icons-size-small color-scheme-dark social-share social-form-circle text-right\">\n\n\t\t\t\t\n\t\t\t\t\t\t\t\t\t<a rel=\"noopener noreferrer nofollow\" href=\"https:\/\/www.facebook.com\/sharer\/sharer.php?u=https:\/\/aziendaagricolamafrica.it\/de\/informativa-cookie\/\" target=\"_blank\" class=\" wd-social-icon social-facebook\" aria-label=\"Facebook social link\">\n\t\t\t\t\t\t<span class=\"wd-icon\"><\/span>\n\t\t\t\t\t\t\t\t\t\t\t<\/a>\n\t\t\t\t\n\t\t\t\t\n\t\t\t\t\n\t\t\t\t\n\t\t\t\t\n\t\t\t\t\n\t\t\t\t\n\t\t\t\t\n\t\t\t\t\n\t\t\t\t\n\t\t\t\t\n\t\t\t\t\n\t\t\t\t\n\t\t\t\t\n\t\t\t\t\n\t\t\t\t\n\t\t\t\t\t\t\t\t\t<a rel=\"noopener noreferrer nofollow\" href=\"https:\/\/api.whatsapp.com\/send?text=https%3A%2F%2Faziendaagricolamafrica.it%2Fde%2Finformativa-cookie%2F\" target=\"_blank\" class=\"whatsapp-desktop  wd-social-icon social-whatsapp\" aria-label=\"WhatsApp social link\">\n\t\t\t\t\t\t<span class=\"wd-icon\"><\/span>\n\t\t\t\t\t\t\t\t\t\t\t<\/a>\n\t\t\t\t\t\n\t\t\t\t\t<a rel=\"noopener noreferrer nofollow\" href=\"whatsapp:\/\/send?text=https%3A%2F%2Faziendaagricolamafrica.it%2Fde%2Finformativa-cookie%2F\" target=\"_blank\" class=\"whatsapp-mobile  wd-social-icon social-whatsapp\" aria-label=\"WhatsApp social link\">\n\t\t\t\t\t\t<span class=\"wd-icon\"><\/span>\n\t\t\t\t\t\t\t\t\t\t\t<\/a>\n\t\t\t\t\n\t\t\t\t\t\t\t\t\n\t\t\t\t\t\t\t\t\n\t\t\t\t\n\t\t\t\t\t\t\t\t\t<a rel=\"noopener noreferrer nofollow\" href=\"https:\/\/telegram.me\/share\/url?url=https:\/\/aziendaagricolamafrica.it\/de\/informativa-cookie\/\" target=\"_blank\" class=\" wd-social-icon social-tg\" aria-label=\"Telegram social link\">\n\t\t\t\t\t\t<span class=\"wd-icon\"><\/span>\n\t\t\t\t\t\t\t\t\t\t\t<\/a>\n\t\t\t\t\t\t\t\t\n\t\t\t\t\n\t\t\t<\/div>\n\n\t\t\t\t<\/div>\n\t\t\t\t<\/div>\n\t\t\t\t\t<\/div>\n\t\t<\/div>\n\t\t\t\t\t\t\t<\/div>\n\t\t<\/section>\n\t\t\t\t\t<\/div>\n\t\t<\/div>\n\t\t\t\t\t\t\t<\/div>\n\t\t<\/section>\n\t\t\t\t\t\t\t<\/div>\n\t\t","protected":false},"excerpt":{"rendered":"<p>COOKIE POLICY Cookies informationen Inhaber des Vertrages Der Gebrauch von Cookies seitens\u00a0 Societ\u00e0 Agricola Mafrica S.a.s. ( \u201eder Verwalter\u201c) mit<\/p>\n","protected":false},"author":1,"featured_media":0,"parent":0,"menu_order":0,"comment_status":"closed","ping_status":"closed","template":"","meta":{"footnotes":""},"_links":{"self":[{"href":"https:\/\/aziendaagricolamafrica.it\/de\/wp-json\/wp\/v2\/pages\/13555"}],"collection":[{"href":"https:\/\/aziendaagricolamafrica.it\/de\/wp-json\/wp\/v2\/pages"}],"about":[{"href":"https:\/\/aziendaagricolamafrica.it\/de\/wp-json\/wp\/v2\/types\/page"}],"author":[{"embeddable":true,"href":"https:\/\/aziendaagricolamafrica.it\/de\/wp-json\/wp\/v2\/users\/1"}],"replies":[{"embeddable":true,"href":"https:\/\/aziendaagricolamafrica.it\/de\/wp-json\/wp\/v2\/comments?post=13555"}],"version-history":[{"count":5,"href":"https:\/\/aziendaagricolamafrica.it\/de\/wp-json\/wp\/v2\/pages\/13555\/revisions"}],"predecessor-version":[{"id":13560,"href":"https:\/\/aziendaagricolamafrica.it\/de\/wp-json\/wp\/v2\/pages\/13555\/revisions\/13560"}],"wp:attachment":[{"href":"https:\/\/aziendaagricolamafrica.it\/de\/wp-json\/wp\/v2\/media?parent=13555"}],"curies":[{"name":"wp","href":"https:\/\/api.w.org\/{rel}","templated":true}]}}