{"id":13641,"date":"2021-08-06T18:34:37","date_gmt":"2021-08-06T16:34:37","guid":{"rendered":"https:\/\/aziendaagricolamafrica.it\/reso-acquisti\/"},"modified":"2021-08-06T18:51:47","modified_gmt":"2021-08-06T16:51:47","slug":"reso-acquisti","status":"publish","type":"page","link":"https:\/\/aziendaagricolamafrica.it\/de\/reso-acquisti\/","title":{"rendered":"Retouren &#8211; R\u00fccktrittsrecht"},"content":{"rendered":"\t\t<div data-elementor-type=\"wp-page\" data-elementor-id=\"13641\" class=\"elementor elementor-13641 elementor-13633\">\n\t\t\t\t\t\t\t\t\t<section class=\"elementor-section elementor-top-section elementor-element elementor-element-5b09f23d elementor-section-full_width elementor-section-height-default elementor-section-height-default wd-section-disabled\" data-id=\"5b09f23d\" data-element_type=\"section\">\n\t\t\t\t\t\t<div class=\"elementor-container elementor-column-gap-default\">\n\t\t\t\t\t<div class=\"elementor-column elementor-col-100 elementor-top-column elementor-element elementor-element-27828532\" data-id=\"27828532\" data-element_type=\"column\">\n\t\t\t<div class=\"elementor-widget-wrap elementor-element-populated\">\n\t\t\t\t\t\t\t\t<div class=\"elementor-element elementor-element-24498beb elementor-widget elementor-widget-wd_title\" data-id=\"24498beb\" data-element_type=\"widget\" data-widget_type=\"wd_title.default\">\n\t\t\t\t<div class=\"elementor-widget-container\">\n\t\t\t\t\t<div class=\"title-wrapper set-mb-s reset-last-child wd-title-color-default wd-title-style-default wd-title-size-default text-left\">\n\n\t\t\t\t\t\t\t<div class=\"title-subtitle subtitle-color-default subtitle-style-default wd-fontsize-xs\">\n\t\t\t\t\tRETOUREN - R\u00dcCKTRITTSRECHT\t\t\t\t<\/div>\n\t\t\t\n\t\t\t<div class=\"liner-continer\">\n\t\t\t\t<h4 class=\"woodmart-title-container title wd-fontsize-l\"><\/h4> \n\t\t\t\t\t\t\t<\/div>\n\n\t\t\t\t\t<\/div>\n\t\t\t\t<\/div>\n\t\t\t\t<\/div>\n\t\t\t\t<div class=\"elementor-element elementor-element-3ac6577f color-scheme-inherit text-left elementor-widget elementor-widget-text-editor\" data-id=\"3ac6577f\" data-element_type=\"widget\" data-widget_type=\"text-editor.default\">\n\t\t\t\t<div class=\"elementor-widget-container\">\n\t\t\t<style>\/*! elementor - v3.8.0 - 30-10-2022 *\/\n.elementor-widget-text-editor.elementor-drop-cap-view-stacked .elementor-drop-cap{background-color:#818a91;color:#fff}.elementor-widget-text-editor.elementor-drop-cap-view-framed .elementor-drop-cap{color:#818a91;border:3px solid;background-color:transparent}.elementor-widget-text-editor:not(.elementor-drop-cap-view-default) .elementor-drop-cap{margin-top:8px}.elementor-widget-text-editor:not(.elementor-drop-cap-view-default) .elementor-drop-cap-letter{width:1em;height:1em}.elementor-widget-text-editor .elementor-drop-cap{float:left;text-align:center;line-height:1;font-size:50px}.elementor-widget-text-editor .elementor-drop-cap-letter{display:inline-block}<\/style>\t\t\t\t<p>K\u00e4ufe auf der Website von aziendaagricolamafrica.it unterliegen den Gesetzesbestimmungen<br \/>206\/2005 und 21\/2014, bez\u00fcglich des Rechts, aus jeglichem Grund vom Kaufvertrag zur\u00fcckzutreten zu d\u00fcrfen.<br \/>F\u00fcr die Aus\u00fcbung des R\u00fccktrittsrechts gelten folgende Voraussetzungen:<br \/>&#8211; Um das R\u00fccktrittsrecht auszu\u00fcben, darf die gekaufte Ware nicht besch\u00e4digt oder ge\u00f6ffnet sein<br \/>&#8211; Das R\u00fccktrittsrecht ist nur nat\u00fcrlichen Personen vorbehalten. Daher sind K\u00e4ufe von Einzelh\u00e4ndlern oder Unternehmen, die aus irgendeinem Grund zum Weiterverkauf an Dritte erworben werden, ausgeschlossen.<br \/>&#8211; Bei Erhalt wird die Ware auf Sch\u00e4den oder unsachgem\u00e4\u00dfe Behandlung untersucht, daher empfehlen wir h\u00f6chste Aufmerksamkeit beim Verpacken der Ware und die Verwendung der Originalverpackung oder eine \u00e4hnliche Verpackung.<br \/>&#8211; Zur Aus\u00fcbung dieses Rechts muss der Kunde uns innerhalb von 15 Tagen nach Erhalt der bestellten Ware eine Mitteilung \u00fcber seine R\u00fccktrittsabsicht zukommen lassen und die Ware innerhalb von 15 Tagen absenden.<br \/>&#8211; Die Versandkosten sind zu Lasten des Kunden.<\/p><h2><strong>Verfahren bei der Aus\u00fcbung des R\u00fccktrittsrechts<\/strong><\/h2><p>Senden Sie eine E-Mail an info@oliomafrica.com in der Sie erkl\u00e4ren, dass Sie von Ihrem R\u00fccktrittsrecht Gebrauch machen m\u00f6chten. Geben Sie darin auch die folgenden Daten an:<br \/>&#8211; Bestellnummer und Bestelldatum<br \/>&#8211; Rechnungsnummer<br \/>&#8211; die Liste der vom R\u00fccktritt betroffenen Produkte (geben Sie jeden Artikel mit seiner Artikelnummer an)<br \/>&#8211; eigene Bankverbindung (IBAN-Code)<br \/>Warten Sie danach auf eine Mitteilung unseres Kundendienstes, der die R\u00fccksendung autorisiert. Nach Erhalt dieser Mitteilung m\u00fcssen Sie die beanstandete Ware innerhalb von weiteren 15 Tagen an folgende Adresse zur\u00fccksenden:<\/p><p>Societ\u00e0 Agricola Mafrica S.a.s.<br \/>Via D. Muzzupappa &#8211; 89844 &#8211; Limbadi (VV) &#8211; Italy &#8211; info@oliomafrica.com<br \/>Tel. +39 0963.85479\u00a0<br \/>E-mail: info@oliomafrica.com<\/p><div><small>Updated on august 2021<\/small><\/div>\t\t\t\t\t\t<\/div>\n\t\t\t\t<\/div>\n\t\t\t\t<section class=\"wd-negative-gap elementor-section elementor-inner-section elementor-element elementor-element-2773b424 elementor-section-content-middle elementor-section-boxed elementor-section-height-default elementor-section-height-default wd-section-disabled\" data-id=\"2773b424\" data-element_type=\"section\">\n\t\t\t\t\t\t<div class=\"elementor-container elementor-column-gap-default\">\n\t\t\t\t\t<div class=\"elementor-column elementor-col-100 elementor-inner-column elementor-element elementor-element-148bf868\" data-id=\"148bf868\" data-element_type=\"column\">\n\t\t\t<div class=\"elementor-widget-wrap elementor-element-populated\">\n\t\t\t\t\t\t\t\t<div class=\"elementor-element elementor-element-28a07be3 elementor-widget__width-auto color-scheme-inherit text-left elementor-widget elementor-widget-text-editor\" data-id=\"28a07be3\" data-element_type=\"widget\" data-widget_type=\"text-editor.default\">\n\t\t\t\t<div class=\"elementor-widget-container\">\n\t\t\t\t\t\t\t<p><a><strong><em>Azienda Agricola Mafrica S.a.s. &#8211; Limbadi\u00a0 &#8211; Italy<\/em><\/strong><\/a><\/p>\n\t\t\t\t\t\t<\/div>\n\t\t\t\t<\/div>\n\t\t\t\t<div class=\"elementor-element elementor-element-7a1e3c3e elementor-widget__width-auto elementor-widget elementor-widget-wd_social_buttons\" data-id=\"7a1e3c3e\" data-element_type=\"widget\" data-widget_type=\"wd_social_buttons.default\">\n\t\t\t\t<div class=\"elementor-widget-container\">\n\t\t\t\n\t\t\t<div class=\"wd-social-icons icons-design-bordered icons-size-small color-scheme-dark social-share social-form-circle text-right\">\n\n\t\t\t\t\n\t\t\t\t\t\t\t\t\t<a rel=\"noopener noreferrer nofollow\" href=\"https:\/\/www.facebook.com\/sharer\/sharer.php?u=https:\/\/aziendaagricolamafrica.it\/de\/reso-acquisti\/\" target=\"_blank\" class=\" wd-social-icon social-facebook\" aria-label=\"Facebook social link\">\n\t\t\t\t\t\t<span class=\"wd-icon\"><\/span>\n\t\t\t\t\t\t\t\t\t\t\t<\/a>\n\t\t\t\t\n\t\t\t\t\n\t\t\t\t\n\t\t\t\t\n\t\t\t\t\n\t\t\t\t\n\t\t\t\t\n\t\t\t\t\n\t\t\t\t\n\t\t\t\t\n\t\t\t\t\n\t\t\t\t\n\t\t\t\t\n\t\t\t\t\n\t\t\t\t\n\t\t\t\t\n\t\t\t\t\t\t\t\t\t<a rel=\"noopener noreferrer nofollow\" href=\"https:\/\/api.whatsapp.com\/send?text=https%3A%2F%2Faziendaagricolamafrica.it%2Fde%2Freso-acquisti%2F\" target=\"_blank\" class=\"whatsapp-desktop  wd-social-icon social-whatsapp\" aria-label=\"WhatsApp social link\">\n\t\t\t\t\t\t<span class=\"wd-icon\"><\/span>\n\t\t\t\t\t\t\t\t\t\t\t<\/a>\n\t\t\t\t\t\n\t\t\t\t\t<a rel=\"noopener noreferrer nofollow\" href=\"whatsapp:\/\/send?text=https%3A%2F%2Faziendaagricolamafrica.it%2Fde%2Freso-acquisti%2F\" target=\"_blank\" class=\"whatsapp-mobile  wd-social-icon social-whatsapp\" aria-label=\"WhatsApp social link\">\n\t\t\t\t\t\t<span class=\"wd-icon\"><\/span>\n\t\t\t\t\t\t\t\t\t\t\t<\/a>\n\t\t\t\t\n\t\t\t\t\t\t\t\t\n\t\t\t\t\t\t\t\t\n\t\t\t\t\n\t\t\t\t\t\t\t\t\t<a rel=\"noopener noreferrer nofollow\" href=\"https:\/\/telegram.me\/share\/url?url=https:\/\/aziendaagricolamafrica.it\/de\/reso-acquisti\/\" target=\"_blank\" class=\" wd-social-icon social-tg\" aria-label=\"Telegram social link\">\n\t\t\t\t\t\t<span class=\"wd-icon\"><\/span>\n\t\t\t\t\t\t\t\t\t\t\t<\/a>\n\t\t\t\t\t\t\t\t\n\t\t\t\t\n\t\t\t<\/div>\n\n\t\t\t\t<\/div>\n\t\t\t\t<\/div>\n\t\t\t\t\t<\/div>\n\t\t<\/div>\n\t\t\t\t\t\t\t<\/div>\n\t\t<\/section>\n\t\t\t\t\t<\/div>\n\t\t<\/div>\n\t\t\t\t\t\t\t<\/div>\n\t\t<\/section>\n\t\t\t\t\t\t\t<\/div>\n\t\t","protected":false},"excerpt":{"rendered":"<p>RETOUREN &#8211; R\u00dcCKTRITTSRECHT K\u00e4ufe auf der Website von aziendaagricolamafrica.it unterliegen den Gesetzesbestimmungen206\/2005 und 21\/2014, bez\u00fcglich des Rechts, aus jeglichem Grund<\/p>\n","protected":false},"author":1,"featured_media":0,"parent":0,"menu_order":0,"comment_status":"closed","ping_status":"closed","template":"","meta":{"footnotes":""},"_links":{"self":[{"href":"https:\/\/aziendaagricolamafrica.it\/de\/wp-json\/wp\/v2\/pages\/13641"}],"collection":[{"href":"https:\/\/aziendaagricolamafrica.it\/de\/wp-json\/wp\/v2\/pages"}],"about":[{"href":"https:\/\/aziendaagricolamafrica.it\/de\/wp-json\/wp\/v2\/types\/page"}],"author":[{"embeddable":true,"href":"https:\/\/aziendaagricolamafrica.it\/de\/wp-json\/wp\/v2\/users\/1"}],"replies":[{"embeddable":true,"href":"https:\/\/aziendaagricolamafrica.it\/de\/wp-json\/wp\/v2\/comments?post=13641"}],"version-history":[{"count":4,"href":"https:\/\/aziendaagricolamafrica.it\/de\/wp-json\/wp\/v2\/pages\/13641\/revisions"}],"predecessor-version":[{"id":13648,"href":"https:\/\/aziendaagricolamafrica.it\/de\/wp-json\/wp\/v2\/pages\/13641\/revisions\/13648"}],"wp:attachment":[{"href":"https:\/\/aziendaagricolamafrica.it\/de\/wp-json\/wp\/v2\/media?parent=13641"}],"curies":[{"name":"wp","href":"https:\/\/api.w.org\/{rel}","templated":true}]}}