{"id":13660,"date":"2021-08-06T19:11:47","date_gmt":"2021-08-06T17:11:47","guid":{"rendered":"https:\/\/aziendaagricolamafrica.it\/modalita-di-pagamento\/"},"modified":"2025-10-15T12:05:41","modified_gmt":"2025-10-15T10:05:41","slug":"modalita-di-pagamento","status":"publish","type":"page","link":"https:\/\/aziendaagricolamafrica.it\/de\/modalita-di-pagamento\/","title":{"rendered":"ZAHLUNGSBEDINGUNGEN"},"content":{"rendered":"\t\t<div data-elementor-type=\"wp-page\" data-elementor-id=\"13660\" class=\"elementor elementor-13660 elementor-13652\">\n\t\t\t\t\t\t\t\t\t<section class=\"elementor-section elementor-top-section elementor-element elementor-element-597a7638 elementor-section-full_width elementor-section-height-default elementor-section-height-default wd-section-disabled\" data-id=\"597a7638\" data-element_type=\"section\">\n\t\t\t\t\t\t<div class=\"elementor-container elementor-column-gap-default\">\n\t\t\t\t\t<div class=\"elementor-column elementor-col-100 elementor-top-column elementor-element elementor-element-feb553\" data-id=\"feb553\" data-element_type=\"column\">\n\t\t\t<div class=\"elementor-widget-wrap elementor-element-populated\">\n\t\t\t\t\t\t\t\t<div class=\"elementor-element elementor-element-4f0c4d04 elementor-widget elementor-widget-wd_title\" data-id=\"4f0c4d04\" data-element_type=\"widget\" data-widget_type=\"wd_title.default\">\n\t\t\t\t<div class=\"elementor-widget-container\">\n\t\t\t\t\t<div class=\"title-wrapper set-mb-s reset-last-child wd-title-color-default wd-title-style-default wd-title-size-default text-left\">\n\n\t\t\t\t\t\t\t<div class=\"title-subtitle subtitle-color-default subtitle-style-default wd-fontsize-xs\">\n\t\t\t\t\tZAHLUNGSBEDINGUNGEN\t\t\t\t<\/div>\n\t\t\t\n\t\t\t<div class=\"liner-continer\">\n\t\t\t\t<p class=\"woodmart-title-container title wd-fontsize-l\">Auf aziendaagricolamafrica.it  k\u00f6nnen Sie bequem und sicher bezahlen. Und so geht\u2019s:<\/p> \n\t\t\t\t\t\t\t<\/div>\n\n\t\t\t\t\t<\/div>\n\t\t\t\t<\/div>\n\t\t\t\t<\/div>\n\t\t\t\t<div class=\"elementor-element elementor-element-76a71567 color-scheme-inherit text-left elementor-widget elementor-widget-text-editor\" data-id=\"76a71567\" data-element_type=\"widget\" data-widget_type=\"text-editor.default\">\n\t\t\t\t<div class=\"elementor-widget-container\">\n\t\t\t<style>\/*! elementor - v3.8.0 - 30-10-2022 *\/\n.elementor-widget-text-editor.elementor-drop-cap-view-stacked .elementor-drop-cap{background-color:#818a91;color:#fff}.elementor-widget-text-editor.elementor-drop-cap-view-framed .elementor-drop-cap{color:#818a91;border:3px solid;background-color:transparent}.elementor-widget-text-editor:not(.elementor-drop-cap-view-default) .elementor-drop-cap{margin-top:8px}.elementor-widget-text-editor:not(.elementor-drop-cap-view-default) .elementor-drop-cap-letter{width:1em;height:1em}.elementor-widget-text-editor .elementor-drop-cap{float:left;text-align:center;line-height:1;font-size:50px}.elementor-widget-text-editor .elementor-drop-cap-letter{display:inline-block}<\/style>\t\t\t\t<h2>ZAHLUNG PER KREDITKARTE<\/h2><p>Wir akzeptieren Mastercard, Visa, American Express, Postepay und alle wichtigen Kredit- und Debitkarten, die im Umlauf sind. Die Daten Ihrer Kreditkarte sind dank SSL sicher. Dieses Verfahren verschl\u00fcsselt sie vor dem Versand. Es birgt keine Risiken und sch\u00fctzt Sie von jedem m\u00f6glichen Missbrauch. Societ\u00e0 agricola Mafrica S.a.s. erf\u00e4hrt Ihre Kartennummer \u00fcberhaupt nicht.<br \/>Societ\u00e0 agricola Mafrica S.a.s. kann Sie gegebenenfalls um zus\u00e4tzliche Informationen oder Dokumente bitten, die das Eigentum an der verwendeten Karte belegen. Wenn Sie diese Informationen gegebenenfalls nicht liefern, kann Societ\u00e0 agricola Mafrica S.a.s. sich vorbehalten, Ihre Bestellung nicht zu akzeptieren.<\/p><h2 class=\"fs_bold pt20\">ZAHLUNG PER PAYPAL<\/h2><div class=\"fs_light pt20 border_bottom pb35\">Wir akzeptieren alle g\u00e4ngigen Kreditkarten und Prepaid-Karten, die im PayPal-System aufgelistet sind. Ihre Finanzdaten werden direkt von PayPal abgewickelt und Societ\u00e0 agricola Mafrica S.a.s. in keiner Weise mitgeteilt.<br \/>Wenn Sie eine Bestellung annullieren wollen, wird der Betrag wieder auf Ihrem PayPal-Konto gutgeschrieben. Um ein neues Konto bei PayPal zu er\u00f6ffnen, besuchen Sie bitte paypal.com<\/div><div>\u00a0<\/div><div><h2 class=\"fs_bold pt20\">ZAHLUNG PER BANK\u00dcBERWEISUNG (VORKASSE)<\/h2><div class=\"fs_light pt20 border_bottom pb35\"><div class=\"fs_bold pt20\">\u00a0<\/div><div class=\"fs_light pt20 border_bottom pb35\">Wir akzeptieren die Zahlung per Bank\u00fcberweisung an:<\/div><\/div><\/div><p>Societ\u00e0 Agricola Mafrica S.a.s. &#8211; Via D. Muzzupappa,\u00a0 89844 &#8211; Limbadi (VV) &#8211; Italia<\/p><p>IBAN: <b>IT10S0306981372100000005940<\/b><br \/>SWIFT CODE BIC\u00a0<br \/>BANK: INTESA SANPAOLO<\/p><p>Schicken Sie uns nach der \u00dcberweisung den Zahlungsnachweis per E-Mail. Wir werden beginnen mit dem Versand erst, wenn der Betrag auf unserem oben genannten Konto eingegangen ist.<\/p>\t\t\t\t\t\t<\/div>\n\t\t\t\t<\/div>\n\t\t\t\t<section class=\"wd-negative-gap elementor-section elementor-inner-section elementor-element elementor-element-39312503 elementor-section-content-middle elementor-section-boxed elementor-section-height-default elementor-section-height-default wd-section-disabled\" data-id=\"39312503\" data-element_type=\"section\">\n\t\t\t\t\t\t<div class=\"elementor-container elementor-column-gap-default\">\n\t\t\t\t\t<div class=\"elementor-column elementor-col-100 elementor-inner-column elementor-element elementor-element-2beb61\" data-id=\"2beb61\" data-element_type=\"column\">\n\t\t\t<div class=\"elementor-widget-wrap elementor-element-populated\">\n\t\t\t\t\t\t\t\t<div class=\"elementor-element elementor-element-56a65c2c elementor-widget__width-auto color-scheme-inherit text-left elementor-widget elementor-widget-text-editor\" data-id=\"56a65c2c\" data-element_type=\"widget\" data-widget_type=\"text-editor.default\">\n\t\t\t\t<div class=\"elementor-widget-container\">\n\t\t\t\t\t\t\t<p><a><strong><em>Azienda Agricola Mafrica S.a.s. &#8211; Limbadi\u00a0 &#8211; Italy<\/em><\/strong><\/a><\/p>\n\t\t\t\t\t\t<\/div>\n\t\t\t\t<\/div>\n\t\t\t\t<div class=\"elementor-element elementor-element-318c9337 elementor-widget__width-auto elementor-widget elementor-widget-wd_social_buttons\" data-id=\"318c9337\" data-element_type=\"widget\" data-widget_type=\"wd_social_buttons.default\">\n\t\t\t\t<div class=\"elementor-widget-container\">\n\t\t\t\n\t\t\t<div class=\"wd-social-icons icons-design-bordered icons-size-small color-scheme-dark social-share social-form-circle text-right\">\n\n\t\t\t\t\n\t\t\t\t\t\t\t\t\t<a rel=\"noopener noreferrer nofollow\" href=\"https:\/\/www.facebook.com\/sharer\/sharer.php?u=https:\/\/aziendaagricolamafrica.it\/de\/modalita-di-pagamento\/\" target=\"_blank\" class=\" wd-social-icon social-facebook\" aria-label=\"Facebook social link\">\n\t\t\t\t\t\t<span class=\"wd-icon\"><\/span>\n\t\t\t\t\t\t\t\t\t\t\t<\/a>\n\t\t\t\t\n\t\t\t\t\n\t\t\t\t\n\t\t\t\t\n\t\t\t\t\n\t\t\t\t\n\t\t\t\t\n\t\t\t\t\n\t\t\t\t\n\t\t\t\t\n\t\t\t\t\n\t\t\t\t\n\t\t\t\t\n\t\t\t\t\n\t\t\t\t\n\t\t\t\t\n\t\t\t\t\t\t\t\t\t<a rel=\"noopener noreferrer nofollow\" href=\"https:\/\/api.whatsapp.com\/send?text=https%3A%2F%2Faziendaagricolamafrica.it%2Fde%2Fmodalita-di-pagamento%2F\" target=\"_blank\" class=\"whatsapp-desktop  wd-social-icon social-whatsapp\" aria-label=\"WhatsApp social link\">\n\t\t\t\t\t\t<span class=\"wd-icon\"><\/span>\n\t\t\t\t\t\t\t\t\t\t\t<\/a>\n\t\t\t\t\t\n\t\t\t\t\t<a rel=\"noopener noreferrer nofollow\" href=\"whatsapp:\/\/send?text=https%3A%2F%2Faziendaagricolamafrica.it%2Fde%2Fmodalita-di-pagamento%2F\" target=\"_blank\" class=\"whatsapp-mobile  wd-social-icon social-whatsapp\" aria-label=\"WhatsApp social link\">\n\t\t\t\t\t\t<span class=\"wd-icon\"><\/span>\n\t\t\t\t\t\t\t\t\t\t\t<\/a>\n\t\t\t\t\n\t\t\t\t\t\t\t\t\n\t\t\t\t\t\t\t\t\n\t\t\t\t\n\t\t\t\t\t\t\t\t\t<a rel=\"noopener noreferrer nofollow\" href=\"https:\/\/telegram.me\/share\/url?url=https:\/\/aziendaagricolamafrica.it\/de\/modalita-di-pagamento\/\" target=\"_blank\" class=\" wd-social-icon social-tg\" aria-label=\"Telegram social link\">\n\t\t\t\t\t\t<span class=\"wd-icon\"><\/span>\n\t\t\t\t\t\t\t\t\t\t\t<\/a>\n\t\t\t\t\t\t\t\t\n\t\t\t\t\n\t\t\t<\/div>\n\n\t\t\t\t<\/div>\n\t\t\t\t<\/div>\n\t\t\t\t\t<\/div>\n\t\t<\/div>\n\t\t\t\t\t\t\t<\/div>\n\t\t<\/section>\n\t\t\t\t\t<\/div>\n\t\t<\/div>\n\t\t\t\t\t\t\t<\/div>\n\t\t<\/section>\n\t\t\t\t\t\t\t<\/div>\n\t\t","protected":false},"excerpt":{"rendered":"<p>ZAHLUNGSBEDINGUNGEN Auf aziendaagricolamafrica.it k\u00f6nnen Sie bequem und sicher bezahlen. Und so geht\u2019s: ZAHLUNG PER KREDITKARTE Wir akzeptieren Mastercard, Visa, American<\/p>\n","protected":false},"author":1,"featured_media":0,"parent":0,"menu_order":0,"comment_status":"closed","ping_status":"closed","template":"","meta":{"footnotes":""},"_links":{"self":[{"href":"https:\/\/aziendaagricolamafrica.it\/de\/wp-json\/wp\/v2\/pages\/13660"}],"collection":[{"href":"https:\/\/aziendaagricolamafrica.it\/de\/wp-json\/wp\/v2\/pages"}],"about":[{"href":"https:\/\/aziendaagricolamafrica.it\/de\/wp-json\/wp\/v2\/types\/page"}],"author":[{"embeddable":true,"href":"https:\/\/aziendaagricolamafrica.it\/de\/wp-json\/wp\/v2\/users\/1"}],"replies":[{"embeddable":true,"href":"https:\/\/aziendaagricolamafrica.it\/de\/wp-json\/wp\/v2\/comments?post=13660"}],"version-history":[{"count":17,"href":"https:\/\/aziendaagricolamafrica.it\/de\/wp-json\/wp\/v2\/pages\/13660\/revisions"}],"predecessor-version":[{"id":16858,"href":"https:\/\/aziendaagricolamafrica.it\/de\/wp-json\/wp\/v2\/pages\/13660\/revisions\/16858"}],"wp:attachment":[{"href":"https:\/\/aziendaagricolamafrica.it\/de\/wp-json\/wp\/v2\/media?parent=13660"}],"curies":[{"name":"wp","href":"https:\/\/api.w.org\/{rel}","templated":true}]}}