{"id":15194,"date":"2017-06-14T08:55:23","date_gmt":"2017-06-14T06:55:23","guid":{"rendered":"https:\/\/aziendaagricolamafrica.it\/unkategorisiert\/native-olivenol-extra-armonico\/"},"modified":"2024-12-26T14:37:07","modified_gmt":"2024-12-26T13:37:07","slug":"native-olivenol-extra-armonico","status":"publish","type":"product","link":"https:\/\/aziendaagricolamafrica.it\/de\/olivenoel-extra\/native-olivenol-extra-armonico\/","title":{"rendered":"Native Oliven\u00f6l Extra \u201cArmonico\u201d 5L"},"content":{"rendered":"","protected":false},"excerpt":{"rendered":"<p>Das native Oliven\u00f6l extra: \u201cArmonico\u201d ist ein \u00d6l, das durch sorgf\u00e4ltig Achten auf Details aus fast reifen Oliven ausschlie\u00dflich der Kulturvariet\u00e4ten Ottobratica hergestellt wird. S\u00fc\u00df und delikat Ideal roh zu besonders delikaten Gerichten.<\/p>\n","protected":false},"featured_media":14069,"template":"","meta":[],"product_cat":[126,86],"product_tag":[],"_links":{"self":[{"href":"https:\/\/aziendaagricolamafrica.it\/de\/wp-json\/wp\/v2\/product\/15194"}],"collection":[{"href":"https:\/\/aziendaagricolamafrica.it\/de\/wp-json\/wp\/v2\/product"}],"about":[{"href":"https:\/\/aziendaagricolamafrica.it\/de\/wp-json\/wp\/v2\/types\/product"}],"version-history":[{"count":2,"href":"https:\/\/aziendaagricolamafrica.it\/de\/wp-json\/wp\/v2\/product\/15194\/revisions"}],"predecessor-version":[{"id":15617,"href":"https:\/\/aziendaagricolamafrica.it\/de\/wp-json\/wp\/v2\/product\/15194\/revisions\/15617"}],"wp:featuredmedia":[{"embeddable":true,"href":"https:\/\/aziendaagricolamafrica.it\/de\/wp-json\/wp\/v2\/media\/14069"}],"wp:attachment":[{"href":"https:\/\/aziendaagricolamafrica.it\/de\/wp-json\/wp\/v2\/media?parent=15194"}],"wp:term":[{"taxonomy":"product_cat","embeddable":true,"href":"https:\/\/aziendaagricolamafrica.it\/de\/wp-json\/wp\/v2\/product_cat?post=15194"},{"taxonomy":"product_tag","embeddable":true,"href":"https:\/\/aziendaagricolamafrica.it\/de\/wp-json\/wp\/v2\/product_tag?post=15194"}],"curies":[{"name":"wp","href":"https:\/\/api.w.org\/{rel}","templated":true}]}}