{"id":15199,"date":"2017-06-22T09:11:07","date_gmt":"2017-06-22T07:11:07","guid":{"rendered":"https:\/\/aziendaagricolamafrica.it\/unkategorisiert\/verdello\/"},"modified":"2023-05-17T08:55:46","modified_gmt":"2023-05-17T06:55:46","slug":"verdello","status":"publish","type":"product","link":"https:\/\/aziendaagricolamafrica.it\/de\/olivenoel-extra\/verdello\/","title":{"rendered":"Verdello Native Oliven\u00f6l Extra 500ml"},"content":{"rendered":"","protected":false},"excerpt":{"rendered":"<p>Das native Oliven\u00f6l extra: \u201cVerdello\u201d ist ein \u00d6l, das durch sorgf\u00e4ltig Achten auf Details aus fast reifen Oliven ausschlie\u00dflich der Kulturvariet\u00e4ten Ottobratica hergestellt wird.<\/p>\n","protected":false},"featured_media":14475,"template":"","meta":[],"product_cat":[123,86],"product_tag":[],"_links":{"self":[{"href":"https:\/\/aziendaagricolamafrica.it\/de\/wp-json\/wp\/v2\/product\/15199"}],"collection":[{"href":"https:\/\/aziendaagricolamafrica.it\/de\/wp-json\/wp\/v2\/product"}],"about":[{"href":"https:\/\/aziendaagricolamafrica.it\/de\/wp-json\/wp\/v2\/types\/product"}],"version-history":[{"count":2,"href":"https:\/\/aziendaagricolamafrica.it\/de\/wp-json\/wp\/v2\/product\/15199\/revisions"}],"predecessor-version":[{"id":16110,"href":"https:\/\/aziendaagricolamafrica.it\/de\/wp-json\/wp\/v2\/product\/15199\/revisions\/16110"}],"wp:featuredmedia":[{"embeddable":true,"href":"https:\/\/aziendaagricolamafrica.it\/de\/wp-json\/wp\/v2\/media\/14475"}],"wp:attachment":[{"href":"https:\/\/aziendaagricolamafrica.it\/de\/wp-json\/wp\/v2\/media?parent=15199"}],"wp:term":[{"taxonomy":"product_cat","embeddable":true,"href":"https:\/\/aziendaagricolamafrica.it\/de\/wp-json\/wp\/v2\/product_cat?post=15199"},{"taxonomy":"product_tag","embeddable":true,"href":"https:\/\/aziendaagricolamafrica.it\/de\/wp-json\/wp\/v2\/product_tag?post=15199"}],"curies":[{"name":"wp","href":"https:\/\/api.w.org\/{rel}","templated":true}]}}