{"id":15204,"date":"2021-10-18T18:17:43","date_gmt":"2021-10-18T16:17:43","guid":{"rendered":"https:\/\/aziendaagricolamafrica.it\/unkategorisiert\/grune-olivencreme-in-olivenol\/"},"modified":"2021-10-18T18:17:43","modified_gmt":"2021-10-18T16:17:43","slug":"grune-olivencreme-in-olivenol","status":"publish","type":"product","link":"https:\/\/aziendaagricolamafrica.it\/de\/olivenpastete-die-mit-gemuese\/grune-olivencreme-in-olivenol\/","title":{"rendered":"Gr\u00fcne Olivencreme in Oliven\u00f6l"},"content":{"rendered":"","protected":false},"excerpt":{"rendered":"<p>Zutaten: 95% entkernte gr\u00fcne Oliven, natives Oliven\u00f6l extra, Knoblauch, Weinessig, Oregano.<\/p>\n","protected":false},"featured_media":15077,"template":"","meta":[],"product_cat":[105,105],"product_tag":[],"_links":{"self":[{"href":"https:\/\/aziendaagricolamafrica.it\/de\/wp-json\/wp\/v2\/product\/15204"}],"collection":[{"href":"https:\/\/aziendaagricolamafrica.it\/de\/wp-json\/wp\/v2\/product"}],"about":[{"href":"https:\/\/aziendaagricolamafrica.it\/de\/wp-json\/wp\/v2\/types\/product"}],"version-history":[{"count":0,"href":"https:\/\/aziendaagricolamafrica.it\/de\/wp-json\/wp\/v2\/product\/15204\/revisions"}],"wp:featuredmedia":[{"embeddable":true,"href":"https:\/\/aziendaagricolamafrica.it\/de\/wp-json\/wp\/v2\/media\/15077"}],"wp:attachment":[{"href":"https:\/\/aziendaagricolamafrica.it\/de\/wp-json\/wp\/v2\/media?parent=15204"}],"wp:term":[{"taxonomy":"product_cat","embeddable":true,"href":"https:\/\/aziendaagricolamafrica.it\/de\/wp-json\/wp\/v2\/product_cat?post=15204"},{"taxonomy":"product_tag","embeddable":true,"href":"https:\/\/aziendaagricolamafrica.it\/de\/wp-json\/wp\/v2\/product_tag?post=15204"}],"curies":[{"name":"wp","href":"https:\/\/api.w.org\/{rel}","templated":true}]}}