{"id":15211,"date":"2021-09-17T18:02:14","date_gmt":"2021-09-17T16:02:14","guid":{"rendered":"https:\/\/aziendaagricolamafrica.it\/unkategorisiert\/olivenol-ottobratica\/"},"modified":"2021-11-05T22:27:19","modified_gmt":"2021-11-05T21:27:19","slug":"olivenol-ottobratica","status":"publish","type":"product","link":"https:\/\/aziendaagricolamafrica.it\/de\/italianische-olivenoel\/olivenol-ottobratica\/","title":{"rendered":"Oliven\u00f6l Ottobratica 5L"},"content":{"rendered":"","protected":false},"excerpt":{"rendered":"<p>Oliven\u00f6l wird ausschlie\u00dflich aus der Olivensorte Ottobratica gewonnen.<\/p>\n","protected":false},"featured_media":14303,"template":"","meta":[],"product_cat":[100,100],"product_tag":[],"_links":{"self":[{"href":"https:\/\/aziendaagricolamafrica.it\/de\/wp-json\/wp\/v2\/product\/15211"}],"collection":[{"href":"https:\/\/aziendaagricolamafrica.it\/de\/wp-json\/wp\/v2\/product"}],"about":[{"href":"https:\/\/aziendaagricolamafrica.it\/de\/wp-json\/wp\/v2\/types\/product"}],"version-history":[{"count":1,"href":"https:\/\/aziendaagricolamafrica.it\/de\/wp-json\/wp\/v2\/product\/15211\/revisions"}],"predecessor-version":[{"id":15598,"href":"https:\/\/aziendaagricolamafrica.it\/de\/wp-json\/wp\/v2\/product\/15211\/revisions\/15598"}],"wp:featuredmedia":[{"embeddable":true,"href":"https:\/\/aziendaagricolamafrica.it\/de\/wp-json\/wp\/v2\/media\/14303"}],"wp:attachment":[{"href":"https:\/\/aziendaagricolamafrica.it\/de\/wp-json\/wp\/v2\/media?parent=15211"}],"wp:term":[{"taxonomy":"product_cat","embeddable":true,"href":"https:\/\/aziendaagricolamafrica.it\/de\/wp-json\/wp\/v2\/product_cat?post=15211"},{"taxonomy":"product_tag","embeddable":true,"href":"https:\/\/aziendaagricolamafrica.it\/de\/wp-json\/wp\/v2\/product_tag?post=15211"}],"curies":[{"name":"wp","href":"https:\/\/api.w.org\/{rel}","templated":true}]}}