{"id":15223,"date":"2021-10-14T19:18:31","date_gmt":"2021-10-14T17:18:31","guid":{"rendered":"https:\/\/aziendaagricolamafrica.it\/unkategorisiert\/tropeana-native-olivenol-aromatisiert\/"},"modified":"2021-11-05T22:20:17","modified_gmt":"2021-11-05T21:20:17","slug":"tropeana-native-olivenol-aromatisiert","status":"publish","type":"product","link":"https:\/\/aziendaagricolamafrica.it\/de\/aromatisierte-oele\/tropeana-native-olivenol-aromatisiert\/","title":{"rendered":"Tropeana Native Oliven\u00f6l aromatisiert 250ml"},"content":{"rendered":"","protected":false},"excerpt":{"rendered":"<p>Zutaten: Natives Oliven\u00f6l extra, getrocknete Zwiebel 2%, nat\u00fcrliches Chiliaroma 2%.<\/p>\n","protected":false},"featured_media":14937,"template":"","meta":[],"product_cat":[103],"product_tag":[],"_links":{"self":[{"href":"https:\/\/aziendaagricolamafrica.it\/de\/wp-json\/wp\/v2\/product\/15223"}],"collection":[{"href":"https:\/\/aziendaagricolamafrica.it\/de\/wp-json\/wp\/v2\/product"}],"about":[{"href":"https:\/\/aziendaagricolamafrica.it\/de\/wp-json\/wp\/v2\/types\/product"}],"version-history":[{"count":1,"href":"https:\/\/aziendaagricolamafrica.it\/de\/wp-json\/wp\/v2\/product\/15223\/revisions"}],"predecessor-version":[{"id":15589,"href":"https:\/\/aziendaagricolamafrica.it\/de\/wp-json\/wp\/v2\/product\/15223\/revisions\/15589"}],"wp:featuredmedia":[{"embeddable":true,"href":"https:\/\/aziendaagricolamafrica.it\/de\/wp-json\/wp\/v2\/media\/14937"}],"wp:attachment":[{"href":"https:\/\/aziendaagricolamafrica.it\/de\/wp-json\/wp\/v2\/media?parent=15223"}],"wp:term":[{"taxonomy":"product_cat","embeddable":true,"href":"https:\/\/aziendaagricolamafrica.it\/de\/wp-json\/wp\/v2\/product_cat?post=15223"},{"taxonomy":"product_tag","embeddable":true,"href":"https:\/\/aziendaagricolamafrica.it\/de\/wp-json\/wp\/v2\/product_tag?post=15223"}],"curies":[{"name":"wp","href":"https:\/\/api.w.org\/{rel}","templated":true}]}}