{"id":15254,"date":"2021-10-18T12:53:13","date_gmt":"2021-10-18T10:53:13","guid":{"rendered":"https:\/\/aziendaagricolamafrica.it\/unkategorisiert\/native-olivenol-extra-verdello-5-l\/"},"modified":"2024-08-14T10:27:24","modified_gmt":"2024-08-14T08:27:24","slug":"native-olivenol-extra-verdello-5-l","status":"publish","type":"product","link":"https:\/\/aziendaagricolamafrica.it\/de\/olivenoel-extra\/native-olivenol-extra-verdello-5-l\/","title":{"rendered":"Native Oliven\u00f6l Extra \u201cVerdello\u201d 5 L"},"content":{"rendered":"<p>Alle unsere \u00d6le werden ausschlie\u00dflich aus Oliven von unserem Bauernhof hergestellt, die innerhalb weniger Stunden in unserer M\u00fchle gepresst werden.<\/p>\n","protected":false},"excerpt":{"rendered":"<p>Bitter und w\u00fcrzig ideal roh auf besonders robusten Gerichten.<\/p>\n","protected":false},"featured_media":15027,"template":"","meta":[],"product_cat":[123,86],"product_tag":[],"_links":{"self":[{"href":"https:\/\/aziendaagricolamafrica.it\/de\/wp-json\/wp\/v2\/product\/15254"}],"collection":[{"href":"https:\/\/aziendaagricolamafrica.it\/de\/wp-json\/wp\/v2\/product"}],"about":[{"href":"https:\/\/aziendaagricolamafrica.it\/de\/wp-json\/wp\/v2\/types\/product"}],"version-history":[{"count":1,"href":"https:\/\/aziendaagricolamafrica.it\/de\/wp-json\/wp\/v2\/product\/15254\/revisions"}],"predecessor-version":[{"id":15602,"href":"https:\/\/aziendaagricolamafrica.it\/de\/wp-json\/wp\/v2\/product\/15254\/revisions\/15602"}],"wp:featuredmedia":[{"embeddable":true,"href":"https:\/\/aziendaagricolamafrica.it\/de\/wp-json\/wp\/v2\/media\/15027"}],"wp:attachment":[{"href":"https:\/\/aziendaagricolamafrica.it\/de\/wp-json\/wp\/v2\/media?parent=15254"}],"wp:term":[{"taxonomy":"product_cat","embeddable":true,"href":"https:\/\/aziendaagricolamafrica.it\/de\/wp-json\/wp\/v2\/product_cat?post=15254"},{"taxonomy":"product_tag","embeddable":true,"href":"https:\/\/aziendaagricolamafrica.it\/de\/wp-json\/wp\/v2\/product_tag?post=15254"}],"curies":[{"name":"wp","href":"https:\/\/api.w.org\/{rel}","templated":true}]}}